{"id":3579,"date":"2024-01-30T10:38:02","date_gmt":"2024-01-30T09:38:02","guid":{"rendered":"https:\/\/liseteilhat.fr\/?page_id=3579"},"modified":"2024-11-12T20:17:50","modified_gmt":"2024-11-12T19:17:50","slug":"spk-studio","status":"publish","type":"page","link":"https:\/\/liseteilhat.fr\/index.php\/spk-studio\/","title":{"rendered":"SPK Studio"},"content":{"rendered":"\t\t<div data-elementor-type=\"wp-page\" data-elementor-id=\"3579\" class=\"elementor elementor-3579\" data-elementor-post-type=\"page\">\n\t\t\t\t<div class=\"elementor-element elementor-element-8a734cb e-con-full e-flex e-con e-parent\" data-id=\"8a734cb\" data-element_type=\"container\" data-e-type=\"container\">\n\t\t\t\t<div class=\"elementor-element elementor-element-b02a7d7 elementor-pagination-position-outside elementor-widget elementor-widget-image-carousel\" data-id=\"b02a7d7\" data-element_type=\"widget\" data-e-type=\"widget\" data-settings=\"{&quot;slides_to_show&quot;:&quot;3&quot;,&quot;slides_to_scroll&quot;:&quot;1&quot;,&quot;navigation&quot;:&quot;dots&quot;,&quot;image_spacing_custom&quot;:{&quot;unit&quot;:&quot;px&quot;,&quot;size&quot;:0,&quot;sizes&quot;:[]},&quot;slides_to_show_laptop&quot;:&quot;2&quot;,&quot;autoplay&quot;:&quot;yes&quot;,&quot;pause_on_hover&quot;:&quot;yes&quot;,&quot;pause_on_interaction&quot;:&quot;yes&quot;,&quot;autoplay_speed&quot;:5000,&quot;infinite&quot;:&quot;yes&quot;,&quot;speed&quot;:500,&quot;image_spacing_custom_laptop&quot;:{&quot;unit&quot;:&quot;px&quot;,&quot;size&quot;:&quot;&quot;,&quot;sizes&quot;:[]},&quot;image_spacing_custom_tablet&quot;:{&quot;unit&quot;:&quot;px&quot;,&quot;size&quot;:&quot;&quot;,&quot;sizes&quot;:[]},&quot;image_spacing_custom_mobile&quot;:{&quot;unit&quot;:&quot;px&quot;,&quot;size&quot;:&quot;&quot;,&quot;sizes&quot;:[]}}\" data-widget_type=\"image-carousel.default\">\n\t\t\t\t<div class=\"elementor-widget-container\">\n\t\t\t\t\t\t\t<div class=\"elementor-image-carousel-wrapper swiper\" role=\"region\" aria-roledescription=\"carousel\" aria-label=\"Carrousel d\u2019images\" dir=\"ltr\">\n\t\t\t<div class=\"elementor-image-carousel swiper-wrapper swiper-image-stretch\" aria-live=\"off\">\n\t\t\t\t\t\t\t\t<div class=\"swiper-slide\" role=\"group\" aria-roledescription=\"slide\" aria-label=\"1 sur 5\"><figure class=\"swiper-slide-inner\"><img decoding=\"async\" class=\"swiper-slide-image\" src=\"https:\/\/liseteilhat.fr\/wp-content\/uploads\/2024\/01\/liseteilhat-graphiste-freelance-sport-nantes-spk-studio-basketpack-basket-3.jpg\" alt=\"Visuel pour r\u00e9seaux sociaux - data \u00e9quipes de basket professionnelles\" \/><\/figure><\/div><div class=\"swiper-slide\" role=\"group\" aria-roledescription=\"slide\" aria-label=\"2 sur 5\"><figure class=\"swiper-slide-inner\"><img decoding=\"async\" class=\"swiper-slide-image\" src=\"https:\/\/liseteilhat.fr\/wp-content\/uploads\/2024\/01\/liseteilhat-graphiste-freelance-sport-nantes-spk-studio-basketpack-basket-2.jpg\" alt=\"Visuel pour r\u00e9seaux sociaux football - data \u00e9quipement sportif\" \/><\/figure><\/div><div class=\"swiper-slide\" role=\"group\" aria-roledescription=\"slide\" aria-label=\"3 sur 5\"><figure class=\"swiper-slide-inner\"><img decoding=\"async\" class=\"swiper-slide-image\" src=\"https:\/\/liseteilhat.fr\/wp-content\/uploads\/2024\/01\/liseteilhat-graphiste-freelance-sport-nantes-spk-studio-basketpack-basket-1.jpg\" alt=\"Visuel pour r\u00e9seaux sociaux running - data \u00e9quipement sportif\" \/><\/figure><\/div><div class=\"swiper-slide\" role=\"group\" aria-roledescription=\"slide\" aria-label=\"4 sur 5\"><figure class=\"swiper-slide-inner\"><img decoding=\"async\" class=\"swiper-slide-image\" src=\"https:\/\/liseteilhat.fr\/wp-content\/uploads\/2023\/02\/Free_A4_Flyers_Grid_Mockup_1-copie.jpg\" alt=\"lise-teilhat-graphiste-freelance-sport-nantes-spk-studio-velopack-velo-3\" \/><\/figure><\/div><div class=\"swiper-slide\" role=\"group\" aria-roledescription=\"slide\" aria-label=\"5 sur 5\"><figure class=\"swiper-slide-inner\"><img decoding=\"async\" class=\"swiper-slide-image\" src=\"https:\/\/liseteilhat.fr\/wp-content\/uploads\/2024\/03\/Mockup-copie-scaled.jpg\" alt=\"Visuels de r\u00e9seaux sociaux pour club de volley professionnel \u2013 match de finale\" \/><\/figure><\/div>\t\t\t<\/div>\n\t\t\t\t\t\t\t\n\t\t\t\t\t\t\t\t\t<div class=\"swiper-pagination\"><\/div>\n\t\t\t\t\t\t\t\t\t<\/div>\n\t\t\t\t\t\t<\/div>\n\t\t\t\t<\/div>\n\t\t\t\t<\/div>\n\t\t<div class=\"elementor-element elementor-element-b7ee653 e-con-full e-flex e-con e-parent\" data-id=\"b7ee653\" data-element_type=\"container\" data-e-type=\"container\">\n\t\t<div class=\"elementor-element elementor-element-3328023 e-flex e-con-boxed e-con e-child\" data-id=\"3328023\" data-element_type=\"container\" data-e-type=\"container\">\n\t\t\t\t\t<div class=\"e-con-inner\">\n\t\t\t\t<div class=\"elementor-element elementor-element-f2326bc elementor-widget elementor-widget-heading\" data-id=\"f2326bc\" data-element_type=\"widget\" data-e-type=\"widget\" data-widget_type=\"heading.default\">\n\t\t\t\t<div class=\"elementor-widget-container\">\n\t\t\t\t\t<h2 class=\"elementor-heading-title elementor-size-default\">SPK Studio<\/h2>\t\t\t\t<\/div>\n\t\t\t\t<\/div>\n\t\t\t\t<div class=\"elementor-element elementor-element-0171f63 elementor-widget elementor-widget-text-editor\" data-id=\"0171f63\" data-element_type=\"widget\" data-e-type=\"widget\" data-widget_type=\"text-editor.default\">\n\t\t\t\t<div class=\"elementor-widget-container\">\n\t\t\t\t\t\t\t\t\tBas\u00e9e \u00e0 Nantes SPK Group, expert en sport, communique sur les \u00e9quipements sportifs avec runpack, v\u00e9lopack, basketpack, handpack, volleypack et footpack\t\t\t\t\t\t\t\t<\/div>\n\t\t\t\t<\/div>\n\t\t\t\t<div class=\"elementor-element elementor-element-6cc2174 elementor-widget elementor-widget-text-editor\" data-id=\"6cc2174\" data-element_type=\"widget\" data-e-type=\"widget\" data-widget_type=\"text-editor.default\">\n\t\t\t\t<div class=\"elementor-widget-container\">\n\t\t\t\t\t\t\t\t\t<p>#socialmedias #sport #equipement<\/p>\t\t\t\t\t\t\t\t<\/div>\n\t\t\t\t<\/div>\n\t\t\t\t\t<\/div>\n\t\t\t\t<\/div>\n\t\t<div class=\"elementor-element elementor-element-db24c2a e-flex e-con-boxed e-con e-child\" data-id=\"db24c2a\" data-element_type=\"container\" data-e-type=\"container\">\n\t\t\t\t\t<div class=\"e-con-inner\">\n\t\t<div class=\"elementor-element elementor-element-a6f97af e-con-full e-flex e-con e-child\" data-id=\"a6f97af\" data-element_type=\"container\" data-e-type=\"container\">\n\t\t\t\t<div class=\"elementor-element elementor-element-2b48dc7 e-transform elementor-widget elementor-widget-image\" data-id=\"2b48dc7\" data-element_type=\"widget\" data-e-type=\"widget\" data-settings=\"{&quot;_transform_translateX_effect_hover&quot;:{&quot;unit&quot;:&quot;px&quot;,&quot;size&quot;:-10,&quot;sizes&quot;:[]},&quot;_transform_translateX_effect_hover_laptop&quot;:{&quot;unit&quot;:&quot;px&quot;,&quot;size&quot;:&quot;&quot;,&quot;sizes&quot;:[]},&quot;_transform_translateX_effect_hover_tablet&quot;:{&quot;unit&quot;:&quot;px&quot;,&quot;size&quot;:&quot;&quot;,&quot;sizes&quot;:[]},&quot;_transform_translateX_effect_hover_mobile&quot;:{&quot;unit&quot;:&quot;px&quot;,&quot;size&quot;:&quot;&quot;,&quot;sizes&quot;:[]},&quot;_transform_translateY_effect_hover&quot;:{&quot;unit&quot;:&quot;px&quot;,&quot;size&quot;:&quot;&quot;,&quot;sizes&quot;:[]},&quot;_transform_translateY_effect_hover_laptop&quot;:{&quot;unit&quot;:&quot;px&quot;,&quot;size&quot;:&quot;&quot;,&quot;sizes&quot;:[]},&quot;_transform_translateY_effect_hover_tablet&quot;:{&quot;unit&quot;:&quot;px&quot;,&quot;size&quot;:&quot;&quot;,&quot;sizes&quot;:[]},&quot;_transform_translateY_effect_hover_mobile&quot;:{&quot;unit&quot;:&quot;px&quot;,&quot;size&quot;:&quot;&quot;,&quot;sizes&quot;:[]}}\" data-widget_type=\"image.default\">\n\t\t\t\t<div class=\"elementor-widget-container\">\n\t\t\t\t\t\t\t\t\t\t\t\t\t\t\t\t<a href=\"https:\/\/liseteilhat.fr\/index.php\/sevent\/\">\n\t\t\t\t\t\t\t<img decoding=\"async\" width=\"72\" height=\"16\" src=\"https:\/\/liseteilhat.fr\/wp-content\/uploads\/2024\/01\/Fleche.png\" class=\"attachment-thumbnail size-thumbnail wp-image-3507\" alt=\"\" \/>\t\t\t\t\t\t\t\t<\/a>\n\t\t\t\t\t\t\t\t\t\t\t\t\t\t\t<\/div>\n\t\t\t\t<\/div>\n\t\t\t\t<div class=\"elementor-element elementor-element-6e171cf e-transform e-transform elementor-widget elementor-widget-image\" data-id=\"6e171cf\" data-element_type=\"widget\" data-e-type=\"widget\" data-settings=\"{&quot;_transform_rotateZ_effect&quot;:{&quot;unit&quot;:&quot;px&quot;,&quot;size&quot;:180,&quot;sizes&quot;:[]},&quot;_transform_translateX_effect&quot;:{&quot;unit&quot;:&quot;px&quot;,&quot;size&quot;:-10,&quot;sizes&quot;:[]},&quot;_transform_rotateZ_effect_laptop&quot;:{&quot;unit&quot;:&quot;deg&quot;,&quot;size&quot;:&quot;&quot;,&quot;sizes&quot;:[]},&quot;_transform_rotateZ_effect_tablet&quot;:{&quot;unit&quot;:&quot;deg&quot;,&quot;size&quot;:&quot;&quot;,&quot;sizes&quot;:[]},&quot;_transform_rotateZ_effect_mobile&quot;:{&quot;unit&quot;:&quot;deg&quot;,&quot;size&quot;:&quot;&quot;,&quot;sizes&quot;:[]},&quot;_transform_translateX_effect_laptop&quot;:{&quot;unit&quot;:&quot;px&quot;,&quot;size&quot;:&quot;&quot;,&quot;sizes&quot;:[]},&quot;_transform_translateX_effect_tablet&quot;:{&quot;unit&quot;:&quot;px&quot;,&quot;size&quot;:&quot;&quot;,&quot;sizes&quot;:[]},&quot;_transform_translateX_effect_mobile&quot;:{&quot;unit&quot;:&quot;px&quot;,&quot;size&quot;:&quot;&quot;,&quot;sizes&quot;:[]},&quot;_transform_translateY_effect&quot;:{&quot;unit&quot;:&quot;px&quot;,&quot;size&quot;:&quot;&quot;,&quot;sizes&quot;:[]},&quot;_transform_translateY_effect_laptop&quot;:{&quot;unit&quot;:&quot;px&quot;,&quot;size&quot;:&quot;&quot;,&quot;sizes&quot;:[]},&quot;_transform_translateY_effect_tablet&quot;:{&quot;unit&quot;:&quot;px&quot;,&quot;size&quot;:&quot;&quot;,&quot;sizes&quot;:[]},&quot;_transform_translateY_effect_mobile&quot;:{&quot;unit&quot;:&quot;px&quot;,&quot;size&quot;:&quot;&quot;,&quot;sizes&quot;:[]}}\" data-widget_type=\"image.default\">\n\t\t\t\t<div class=\"elementor-widget-container\">\n\t\t\t\t\t\t\t\t\t\t\t\t\t\t\t\t<a href=\"https:\/\/liseteilhat.fr\/index.php\/altabois\/\">\n\t\t\t\t\t\t\t<img decoding=\"async\" width=\"72\" height=\"16\" src=\"https:\/\/liseteilhat.fr\/wp-content\/uploads\/2024\/01\/Fleche.png\" class=\"attachment-thumbnail size-thumbnail wp-image-3507\" alt=\"\" \/>\t\t\t\t\t\t\t\t<\/a>\n\t\t\t\t\t\t\t\t\t\t\t\t\t\t\t<\/div>\n\t\t\t\t<\/div>\n\t\t\t\t<\/div>\n\t\t<div class=\"elementor-element elementor-element-b519606 e-flex e-con-boxed e-con e-child\" data-id=\"b519606\" data-element_type=\"container\" data-e-type=\"container\">\n\t\t\t\t\t<div class=\"e-con-inner\">\n\t\t\t\t<div class=\"elementor-element elementor-element-318af52 e-transform e-transform elementor-headline--style-highlight elementor-widget elementor-widget-animated-headline\" data-id=\"318af52\" data-element_type=\"widget\" data-e-type=\"widget\" data-settings=\"{&quot;highlighted_text&quot;:&quot;Retour&quot;,&quot;_transform_rotateZ_effect_hover&quot;:{&quot;unit&quot;:&quot;px&quot;,&quot;size&quot;:2,&quot;sizes&quot;:[]},&quot;_transform_scale_effect_hover&quot;:{&quot;unit&quot;:&quot;px&quot;,&quot;size&quot;:1.2,&quot;sizes&quot;:[]},&quot;headline_style&quot;:&quot;highlight&quot;,&quot;marker&quot;:&quot;circle&quot;,&quot;loop&quot;:&quot;yes&quot;,&quot;highlight_animation_duration&quot;:1200,&quot;highlight_iteration_delay&quot;:8000,&quot;_transform_rotateZ_effect_hover_laptop&quot;:{&quot;unit&quot;:&quot;deg&quot;,&quot;size&quot;:&quot;&quot;,&quot;sizes&quot;:[]},&quot;_transform_rotateZ_effect_hover_tablet&quot;:{&quot;unit&quot;:&quot;deg&quot;,&quot;size&quot;:&quot;&quot;,&quot;sizes&quot;:[]},&quot;_transform_rotateZ_effect_hover_mobile&quot;:{&quot;unit&quot;:&quot;deg&quot;,&quot;size&quot;:&quot;&quot;,&quot;sizes&quot;:[]},&quot;_transform_scale_effect_hover_laptop&quot;:{&quot;unit&quot;:&quot;px&quot;,&quot;size&quot;:&quot;&quot;,&quot;sizes&quot;:[]},&quot;_transform_scale_effect_hover_tablet&quot;:{&quot;unit&quot;:&quot;px&quot;,&quot;size&quot;:&quot;&quot;,&quot;sizes&quot;:[]},&quot;_transform_scale_effect_hover_mobile&quot;:{&quot;unit&quot;:&quot;px&quot;,&quot;size&quot;:&quot;&quot;,&quot;sizes&quot;:[]}}\" data-widget_type=\"animated-headline.default\">\n\t\t\t\t<div class=\"elementor-widget-container\">\n\t\t\t\t\t\t\t\t<a href=\"https:\/\/liseteilhat.fr\">\n\n\t\t\t\t\t<h3 class=\"elementor-headline\">\n\t\t\t\t<span class=\"elementor-headline-dynamic-wrapper elementor-headline-text-wrapper\">\n\t\t\t\t\t<span class=\"elementor-headline-dynamic-text elementor-headline-text-active\">Retour<\/span>\n\t\t\t\t<\/span>\n\t\t\t\t<\/h3>\n\t\t<\/a>\t\t\t\t<\/div>\n\t\t\t\t<\/div>\n\t\t\t\t\t<\/div>\n\t\t\t\t<\/div>\n\t\t\t\t\t<\/div>\n\t\t\t\t<\/div>\n\t\t\t\t<\/div>\n\t\t\t\t<\/div>\n\t\t","protected":false},"excerpt":{"rendered":"<p>SPK Studio Bas\u00e9e \u00e0 Nantes SPK Group, expert en sport, communique sur les \u00e9quipements sportifs avec runpack, v\u00e9lopack, basketpack, handpack, volleypack et footpack #socialmedias #sport #equipement Retour<\/p>\n","protected":false},"author":1,"featured_media":0,"parent":0,"menu_order":0,"comment_status":"closed","ping_status":"closed","template":"elementor_header_footer","meta":{"footnotes":""},"folder":[],"class_list":["post-3579","page","type-page","status-publish","hentry"],"yoast_head":"<!-- This site is optimized with the Yoast SEO plugin v27.4 - https:\/\/yoast.com\/product\/yoast-seo-wordpress\/ -->\n<title>SPK Studio Lise Teilhat | Graphiste freelance sport<\/title>\n<meta name=\"robots\" content=\"index, follow, max-snippet:-1, max-image-preview:large, max-video-preview:-1\" \/>\n<link rel=\"canonical\" href=\"https:\/\/liseteilhat.fr\/index.php\/spk-studio\/\" \/>\n<meta property=\"og:locale\" content=\"fr_FR\" \/>\n<meta property=\"og:type\" content=\"article\" \/>\n<meta property=\"og:title\" content=\"SPK Studio Lise Teilhat | Graphiste freelance sport\" \/>\n<meta property=\"og:description\" content=\"SPK Studio Bas\u00e9e \u00e0 Nantes SPK Group, expert en sport, communique sur les \u00e9quipements sportifs avec runpack, v\u00e9lopack, basketpack, handpack, volleypack et footpack #socialmedias #sport #equipement Retour\" \/>\n<meta property=\"og:url\" content=\"https:\/\/liseteilhat.fr\/index.php\/spk-studio\/\" \/>\n<meta property=\"og:site_name\" content=\"Lise Teilhat | Graphiste freelance sport\" \/>\n<meta property=\"article:modified_time\" content=\"2024-11-12T19:17:50+00:00\" \/>\n<meta property=\"og:image\" content=\"https:\/\/liseteilhat.fr\/wp-content\/uploads\/2024\/01\/liseteilhat-graphiste-freelance-sport-nantes-spk-studio-basketpack-basket-3.jpg\" \/>\n<meta name=\"twitter:card\" content=\"summary_large_image\" \/>\n<script type=\"application\/ld+json\" class=\"yoast-schema-graph\">{\"@context\":\"https:\\\/\\\/schema.org\",\"@graph\":[{\"@type\":\"WebPage\",\"@id\":\"https:\\\/\\\/liseteilhat.fr\\\/index.php\\\/spk-studio\\\/\",\"url\":\"https:\\\/\\\/liseteilhat.fr\\\/index.php\\\/spk-studio\\\/\",\"name\":\"SPK Studio Lise Teilhat | Graphiste freelance sport\",\"isPartOf\":{\"@id\":\"https:\\\/\\\/liseteilhat.fr\\\/#website\"},\"primaryImageOfPage\":{\"@id\":\"https:\\\/\\\/liseteilhat.fr\\\/index.php\\\/spk-studio\\\/#primaryimage\"},\"image\":{\"@id\":\"https:\\\/\\\/liseteilhat.fr\\\/index.php\\\/spk-studio\\\/#primaryimage\"},\"thumbnailUrl\":\"https:\\\/\\\/liseteilhat.fr\\\/wp-content\\\/uploads\\\/2024\\\/01\\\/liseteilhat-graphiste-freelance-sport-nantes-spk-studio-basketpack-basket-3.jpg\",\"datePublished\":\"2024-01-30T09:38:02+00:00\",\"dateModified\":\"2024-11-12T19:17:50+00:00\",\"breadcrumb\":{\"@id\":\"https:\\\/\\\/liseteilhat.fr\\\/index.php\\\/spk-studio\\\/#breadcrumb\"},\"inLanguage\":\"fr-FR\",\"potentialAction\":[{\"@type\":\"ReadAction\",\"target\":[\"https:\\\/\\\/liseteilhat.fr\\\/index.php\\\/spk-studio\\\/\"]}]},{\"@type\":\"ImageObject\",\"inLanguage\":\"fr-FR\",\"@id\":\"https:\\\/\\\/liseteilhat.fr\\\/index.php\\\/spk-studio\\\/#primaryimage\",\"url\":\"https:\\\/\\\/liseteilhat.fr\\\/wp-content\\\/uploads\\\/2024\\\/01\\\/liseteilhat-graphiste-freelance-sport-nantes-spk-studio-basketpack-basket-3.jpg\",\"contentUrl\":\"https:\\\/\\\/liseteilhat.fr\\\/wp-content\\\/uploads\\\/2024\\\/01\\\/liseteilhat-graphiste-freelance-sport-nantes-spk-studio-basketpack-basket-3.jpg\",\"width\":500,\"height\":500,\"caption\":\"lise-teilhat-graphiste-freelance-sport-nantes-spk-studio-basketpack-basket-3\"},{\"@type\":\"BreadcrumbList\",\"@id\":\"https:\\\/\\\/liseteilhat.fr\\\/index.php\\\/spk-studio\\\/#breadcrumb\",\"itemListElement\":[{\"@type\":\"ListItem\",\"position\":1,\"name\":\"Accueil\",\"item\":\"https:\\\/\\\/liseteilhat.fr\\\/\"},{\"@type\":\"ListItem\",\"position\":2,\"name\":\"SPK Studio\"}]},{\"@type\":\"WebSite\",\"@id\":\"https:\\\/\\\/liseteilhat.fr\\\/#website\",\"url\":\"https:\\\/\\\/liseteilhat.fr\\\/\",\"name\":\"Lise Teilhat | Graphiste freelance\",\"description\":\"Graphiste freelance sport et souffleuse de bonnes id\u00e9es\",\"publisher\":{\"@id\":\"https:\\\/\\\/liseteilhat.fr\\\/#organization\"},\"potentialAction\":[{\"@type\":\"SearchAction\",\"target\":{\"@type\":\"EntryPoint\",\"urlTemplate\":\"https:\\\/\\\/liseteilhat.fr\\\/?s={search_term_string}\"},\"query-input\":{\"@type\":\"PropertyValueSpecification\",\"valueRequired\":true,\"valueName\":\"search_term_string\"}}],\"inLanguage\":\"fr-FR\"},{\"@type\":\"Organization\",\"@id\":\"https:\\\/\\\/liseteilhat.fr\\\/#organization\",\"name\":\"Lise Teilhat | Designer graphic\",\"url\":\"https:\\\/\\\/liseteilhat.fr\\\/\",\"logo\":{\"@type\":\"ImageObject\",\"inLanguage\":\"fr-FR\",\"@id\":\"https:\\\/\\\/liseteilhat.fr\\\/#\\\/schema\\\/logo\\\/image\\\/\",\"url\":\"https:\\\/\\\/liseteilhat.fr\\\/wp-content\\\/uploads\\\/2022\\\/04\\\/LISE_TEILHAT_Logo.png\",\"contentUrl\":\"https:\\\/\\\/liseteilhat.fr\\\/wp-content\\\/uploads\\\/2022\\\/04\\\/LISE_TEILHAT_Logo.png\",\"width\":1476,\"height\":937,\"caption\":\"Lise Teilhat | Designer graphic\"},\"image\":{\"@id\":\"https:\\\/\\\/liseteilhat.fr\\\/#\\\/schema\\\/logo\\\/image\\\/\"},\"sameAs\":[\"https:\\\/\\\/www.instagram.com\\\/lise_teilhat_graphiste\\\/\",\"https:\\\/\\\/www.linkedin.com\\\/in\\\/lise-teilhat-5b7b18109\\\/\"]}]}<\/script>\n<!-- \/ Yoast SEO plugin. -->","yoast_head_json":{"title":"SPK Studio Lise Teilhat | Graphiste freelance sport","robots":{"index":"index","follow":"follow","max-snippet":"max-snippet:-1","max-image-preview":"max-image-preview:large","max-video-preview":"max-video-preview:-1"},"canonical":"https:\/\/liseteilhat.fr\/index.php\/spk-studio\/","og_locale":"fr_FR","og_type":"article","og_title":"SPK Studio Lise Teilhat | Graphiste freelance sport","og_description":"SPK Studio Bas\u00e9e \u00e0 Nantes SPK Group, expert en sport, communique sur les \u00e9quipements sportifs avec runpack, v\u00e9lopack, basketpack, handpack, volleypack et footpack #socialmedias #sport #equipement Retour","og_url":"https:\/\/liseteilhat.fr\/index.php\/spk-studio\/","og_site_name":"Lise Teilhat | Graphiste freelance sport","article_modified_time":"2024-11-12T19:17:50+00:00","og_image":[{"url":"https:\/\/liseteilhat.fr\/wp-content\/uploads\/2024\/01\/liseteilhat-graphiste-freelance-sport-nantes-spk-studio-basketpack-basket-3.jpg","type":"","width":"","height":""}],"twitter_card":"summary_large_image","schema":{"@context":"https:\/\/schema.org","@graph":[{"@type":"WebPage","@id":"https:\/\/liseteilhat.fr\/index.php\/spk-studio\/","url":"https:\/\/liseteilhat.fr\/index.php\/spk-studio\/","name":"SPK Studio Lise Teilhat | Graphiste freelance sport","isPartOf":{"@id":"https:\/\/liseteilhat.fr\/#website"},"primaryImageOfPage":{"@id":"https:\/\/liseteilhat.fr\/index.php\/spk-studio\/#primaryimage"},"image":{"@id":"https:\/\/liseteilhat.fr\/index.php\/spk-studio\/#primaryimage"},"thumbnailUrl":"https:\/\/liseteilhat.fr\/wp-content\/uploads\/2024\/01\/liseteilhat-graphiste-freelance-sport-nantes-spk-studio-basketpack-basket-3.jpg","datePublished":"2024-01-30T09:38:02+00:00","dateModified":"2024-11-12T19:17:50+00:00","breadcrumb":{"@id":"https:\/\/liseteilhat.fr\/index.php\/spk-studio\/#breadcrumb"},"inLanguage":"fr-FR","potentialAction":[{"@type":"ReadAction","target":["https:\/\/liseteilhat.fr\/index.php\/spk-studio\/"]}]},{"@type":"ImageObject","inLanguage":"fr-FR","@id":"https:\/\/liseteilhat.fr\/index.php\/spk-studio\/#primaryimage","url":"https:\/\/liseteilhat.fr\/wp-content\/uploads\/2024\/01\/liseteilhat-graphiste-freelance-sport-nantes-spk-studio-basketpack-basket-3.jpg","contentUrl":"https:\/\/liseteilhat.fr\/wp-content\/uploads\/2024\/01\/liseteilhat-graphiste-freelance-sport-nantes-spk-studio-basketpack-basket-3.jpg","width":500,"height":500,"caption":"lise-teilhat-graphiste-freelance-sport-nantes-spk-studio-basketpack-basket-3"},{"@type":"BreadcrumbList","@id":"https:\/\/liseteilhat.fr\/index.php\/spk-studio\/#breadcrumb","itemListElement":[{"@type":"ListItem","position":1,"name":"Accueil","item":"https:\/\/liseteilhat.fr\/"},{"@type":"ListItem","position":2,"name":"SPK Studio"}]},{"@type":"WebSite","@id":"https:\/\/liseteilhat.fr\/#website","url":"https:\/\/liseteilhat.fr\/","name":"Lise Teilhat | Graphiste freelance","description":"Graphiste freelance sport et souffleuse de bonnes id\u00e9es","publisher":{"@id":"https:\/\/liseteilhat.fr\/#organization"},"potentialAction":[{"@type":"SearchAction","target":{"@type":"EntryPoint","urlTemplate":"https:\/\/liseteilhat.fr\/?s={search_term_string}"},"query-input":{"@type":"PropertyValueSpecification","valueRequired":true,"valueName":"search_term_string"}}],"inLanguage":"fr-FR"},{"@type":"Organization","@id":"https:\/\/liseteilhat.fr\/#organization","name":"Lise Teilhat | Designer graphic","url":"https:\/\/liseteilhat.fr\/","logo":{"@type":"ImageObject","inLanguage":"fr-FR","@id":"https:\/\/liseteilhat.fr\/#\/schema\/logo\/image\/","url":"https:\/\/liseteilhat.fr\/wp-content\/uploads\/2022\/04\/LISE_TEILHAT_Logo.png","contentUrl":"https:\/\/liseteilhat.fr\/wp-content\/uploads\/2022\/04\/LISE_TEILHAT_Logo.png","width":1476,"height":937,"caption":"Lise Teilhat | Designer graphic"},"image":{"@id":"https:\/\/liseteilhat.fr\/#\/schema\/logo\/image\/"},"sameAs":["https:\/\/www.instagram.com\/lise_teilhat_graphiste\/","https:\/\/www.linkedin.com\/in\/lise-teilhat-5b7b18109\/"]}]}},"_links":{"self":[{"href":"https:\/\/liseteilhat.fr\/index.php\/wp-json\/wp\/v2\/pages\/3579","targetHints":{"allow":["GET"]}}],"collection":[{"href":"https:\/\/liseteilhat.fr\/index.php\/wp-json\/wp\/v2\/pages"}],"about":[{"href":"https:\/\/liseteilhat.fr\/index.php\/wp-json\/wp\/v2\/types\/page"}],"author":[{"embeddable":true,"href":"https:\/\/liseteilhat.fr\/index.php\/wp-json\/wp\/v2\/users\/1"}],"replies":[{"embeddable":true,"href":"https:\/\/liseteilhat.fr\/index.php\/wp-json\/wp\/v2\/comments?post=3579"}],"version-history":[{"count":34,"href":"https:\/\/liseteilhat.fr\/index.php\/wp-json\/wp\/v2\/pages\/3579\/revisions"}],"predecessor-version":[{"id":4549,"href":"https:\/\/liseteilhat.fr\/index.php\/wp-json\/wp\/v2\/pages\/3579\/revisions\/4549"}],"wp:attachment":[{"href":"https:\/\/liseteilhat.fr\/index.php\/wp-json\/wp\/v2\/media?parent=3579"}],"wp:term":[{"taxonomy":"folder","embeddable":true,"href":"https:\/\/liseteilhat.fr\/index.php\/wp-json\/wp\/v2\/folder?post=3579"}],"curies":[{"name":"wp","href":"https:\/\/api.w.org\/{rel}","templated":true}]}}