{"id":3469,"date":"2024-01-29T16:18:41","date_gmt":"2024-01-29T15:18:41","guid":{"rendered":"https:\/\/liseteilhat.fr\/?page_id=3469"},"modified":"2025-04-09T12:14:43","modified_gmt":"2025-04-09T10:14:43","slug":"nbh","status":"publish","type":"page","link":"https:\/\/liseteilhat.fr\/index.php\/nbh\/","title":{"rendered":"NBH"},"content":{"rendered":"\t\t<div data-elementor-type=\"wp-page\" data-elementor-id=\"3469\" class=\"elementor elementor-3469\" data-elementor-post-type=\"page\">\n\t\t\t\t<div class=\"elementor-element elementor-element-8a734cb e-con-full e-flex e-con e-parent\" data-id=\"8a734cb\" data-element_type=\"container\" data-e-type=\"container\">\n\t\t<div class=\"elementor-element elementor-element-1522118 e-con-full e-flex e-con e-child\" data-id=\"1522118\" data-element_type=\"container\" data-e-type=\"container\">\n\t\t\t\t<div class=\"elementor-element elementor-element-9c5232f elementor-skin-carousel elementor-pagination-type-bullets elementor-pagination-position-outside elementor-widget elementor-widget-media-carousel\" data-id=\"9c5232f\" data-element_type=\"widget\" data-e-type=\"widget\" data-settings=\"{&quot;slides_per_view&quot;:&quot;1&quot;,&quot;space_between&quot;:{&quot;unit&quot;:&quot;px&quot;,&quot;size&quot;:0,&quot;sizes&quot;:[]},&quot;slides_per_view_laptop&quot;:&quot;2&quot;,&quot;slides_per_view_tablet&quot;:&quot;2&quot;,&quot;slides_per_view_mobile&quot;:&quot;1&quot;,&quot;space_between_laptop&quot;:{&quot;unit&quot;:&quot;px&quot;,&quot;size&quot;:0,&quot;sizes&quot;:[]},&quot;space_between_tablet&quot;:{&quot;unit&quot;:&quot;px&quot;,&quot;size&quot;:0,&quot;sizes&quot;:[]},&quot;space_between_mobile&quot;:{&quot;unit&quot;:&quot;px&quot;,&quot;size&quot;:0,&quot;sizes&quot;:[]},&quot;skin&quot;:&quot;carousel&quot;,&quot;effect&quot;:&quot;slide&quot;,&quot;pagination&quot;:&quot;bullets&quot;,&quot;speed&quot;:500,&quot;autoplay&quot;:&quot;yes&quot;,&quot;autoplay_speed&quot;:5000,&quot;loop&quot;:&quot;yes&quot;,&quot;pause_on_hover&quot;:&quot;yes&quot;,&quot;pause_on_interaction&quot;:&quot;yes&quot;}\" data-widget_type=\"media-carousel.default\">\n\t\t\t\t<div class=\"elementor-widget-container\">\n\t\t\t\t\t\t\t\t\t<div class=\"elementor-swiper\">\n\t\t\t\t\t<div class=\"elementor-main-swiper swiper\" role=\"region\" aria-roledescription=\"carousel\" aria-label=\"Diapositives\">\n\t\t\t\t<div class=\"swiper-wrapper\">\n\t\t\t\t\t\t\t\t\t\t\t<div class=\"swiper-slide\" role=\"group\" aria-roledescription=\"slide\">\n\t\t\t\t\t\t\t\t\t<div class=\"elementor-carousel-image\" role=\"img\" aria-label=\"lise-teilhat-graphiste-freelance-sport-nantes-basket-hermine-13\" style=\"background-image: url(&#039;https:\/\/liseteilhat.fr\/wp-content\/uploads\/2025\/04\/lise-teilhat-graphiste-freelance-sport-nantes-basket-hermine-13.webp&#039;)\">\n\n\t\t\t\n\t\t\t\t\t<\/div>\n\t\t\t\t\t\t\t\t<\/div>\n\t\t\t\t\t\t\t\t\t\t\t<div class=\"swiper-slide\" role=\"group\" aria-roledescription=\"slide\">\n\t\t\t\t\t\t\t\t\t<div class=\"elementor-carousel-image\" role=\"img\" aria-label=\"lise-teilhat-graphiste-freelance-sport-nantes-basket-hermine-RESEAUX-SOCIAUX-14\" style=\"background-image: url(&#039;https:\/\/liseteilhat.fr\/wp-content\/uploads\/2025\/04\/lise-teilhat-graphiste-freelance-sport-nantes-basket-hermine-reseaux-sociaux2.webp&#039;)\">\n\n\t\t\t\n\t\t\t\t\t<\/div>\n\t\t\t\t\t\t\t\t<\/div>\n\t\t\t\t\t\t\t\t\t\t\t<div class=\"swiper-slide\" role=\"group\" aria-roledescription=\"slide\">\n\t\t\t\t\t\t\t\t\t<div class=\"elementor-carousel-image\" role=\"img\" aria-label=\"lise-teilhat-graphiste-freelance-sport-nantes-basket-hermine-11\" style=\"background-image: url(&#039;https:\/\/liseteilhat.fr\/wp-content\/uploads\/2025\/04\/lise-teilhat-graphiste-freelance-sport-nantes-basket-hermine-14.webp&#039;)\">\n\n\t\t\t\n\t\t\t\t\t<\/div>\n\t\t\t\t\t\t\t\t<\/div>\n\t\t\t\t\t\t\t\t\t\t\t<div class=\"swiper-slide\" role=\"group\" aria-roledescription=\"slide\">\n\t\t\t\t\t\t\t\t\t<div class=\"elementor-carousel-image\" role=\"img\" aria-label=\"lise-teilhat-graphiste-freelance-sport-nantes-basket-hermine-11\" style=\"background-image: url(&#039;https:\/\/liseteilhat.fr\/wp-content\/uploads\/2025\/04\/lise-teilhat-graphiste-freelance-sport-nantes-basket-hermine-12.webp&#039;)\">\n\n\t\t\t\n\t\t\t\t\t<\/div>\n\t\t\t\t\t\t\t\t<\/div>\n\t\t\t\t\t\t\t\t\t<\/div>\n\t\t\t\t\t\t\t\t\t\t\t\t\t\t\t\t\t\t\t\t<div class=\"swiper-pagination\"><\/div>\n\t\t\t\t\t\t\t\t\t\t\t\t<\/div>\n\t\t\t\t<\/div>\n\t\t\t\t\t\t\t\t<\/div>\n\t\t\t\t<\/div>\n\t\t\t\t<\/div>\n\t\t\t\t<\/div>\n\t\t<div class=\"elementor-element elementor-element-b7ee653 e-con-full e-flex e-con e-parent\" data-id=\"b7ee653\" data-element_type=\"container\" data-e-type=\"container\">\n\t\t<div class=\"elementor-element elementor-element-3328023 e-flex e-con-boxed e-con e-child\" data-id=\"3328023\" data-element_type=\"container\" data-e-type=\"container\">\n\t\t\t\t\t<div class=\"e-con-inner\">\n\t\t\t\t<div class=\"elementor-element elementor-element-f2326bc elementor-widget elementor-widget-heading\" data-id=\"f2326bc\" data-element_type=\"widget\" data-e-type=\"widget\" data-widget_type=\"heading.default\">\n\t\t\t\t<div class=\"elementor-widget-container\">\n\t\t\t\t\t<h2 class=\"elementor-heading-title elementor-size-default\">Nantes Basket Hermine<\/h2>\t\t\t\t<\/div>\n\t\t\t\t<\/div>\n\t\t\t\t<div class=\"elementor-element elementor-element-0171f63 elementor-widget elementor-widget-text-editor\" data-id=\"0171f63\" data-element_type=\"widget\" data-e-type=\"widget\" data-widget_type=\"text-editor.default\">\n\t\t\t\t<div class=\"elementor-widget-container\">\n\t\t\t\t\t\t\t\t\t\u00c9voluant en pro B, le NBH entreprend de (re)d\u00e9finir sa ligne graphique pour assoir son identit\u00e9 sur les r\u00e9seaux sociaux.\t\t\t\t\t\t\t\t<\/div>\n\t\t\t\t<\/div>\n\t\t\t\t<div class=\"elementor-element elementor-element-6cc2174 elementor-widget elementor-widget-text-editor\" data-id=\"6cc2174\" data-element_type=\"widget\" data-e-type=\"widget\" data-widget_type=\"text-editor.default\">\n\t\t\t\t<div class=\"elementor-widget-container\">\n\t\t\t\t\t\t\t\t\t<p>#socialmedias #print #sport #basket<\/p>\t\t\t\t\t\t\t\t<\/div>\n\t\t\t\t<\/div>\n\t\t\t\t\t<\/div>\n\t\t\t\t<\/div>\n\t\t<div class=\"elementor-element elementor-element-db24c2a e-flex e-con-boxed e-con e-child\" data-id=\"db24c2a\" data-element_type=\"container\" data-e-type=\"container\">\n\t\t\t\t\t<div class=\"e-con-inner\">\n\t\t<div class=\"elementor-element elementor-element-a6f97af e-con-full e-flex e-con e-child\" data-id=\"a6f97af\" data-element_type=\"container\" data-e-type=\"container\">\n\t\t\t\t<div class=\"elementor-element elementor-element-2b48dc7 e-transform elementor-widget elementor-widget-image\" data-id=\"2b48dc7\" data-element_type=\"widget\" data-e-type=\"widget\" data-settings=\"{&quot;_transform_translateX_effect_hover&quot;:{&quot;unit&quot;:&quot;px&quot;,&quot;size&quot;:-10,&quot;sizes&quot;:[]},&quot;_transform_translateX_effect_hover_laptop&quot;:{&quot;unit&quot;:&quot;px&quot;,&quot;size&quot;:&quot;&quot;,&quot;sizes&quot;:[]},&quot;_transform_translateX_effect_hover_tablet&quot;:{&quot;unit&quot;:&quot;px&quot;,&quot;size&quot;:&quot;&quot;,&quot;sizes&quot;:[]},&quot;_transform_translateX_effect_hover_mobile&quot;:{&quot;unit&quot;:&quot;px&quot;,&quot;size&quot;:&quot;&quot;,&quot;sizes&quot;:[]},&quot;_transform_translateY_effect_hover&quot;:{&quot;unit&quot;:&quot;px&quot;,&quot;size&quot;:&quot;&quot;,&quot;sizes&quot;:[]},&quot;_transform_translateY_effect_hover_laptop&quot;:{&quot;unit&quot;:&quot;px&quot;,&quot;size&quot;:&quot;&quot;,&quot;sizes&quot;:[]},&quot;_transform_translateY_effect_hover_tablet&quot;:{&quot;unit&quot;:&quot;px&quot;,&quot;size&quot;:&quot;&quot;,&quot;sizes&quot;:[]},&quot;_transform_translateY_effect_hover_mobile&quot;:{&quot;unit&quot;:&quot;px&quot;,&quot;size&quot;:&quot;&quot;,&quot;sizes&quot;:[]}}\" data-widget_type=\"image.default\">\n\t\t\t\t<div class=\"elementor-widget-container\">\n\t\t\t\t\t\t\t\t\t\t\t\t\t\t\t\t<a href=\"https:\/\/liseteilhat.fr\/index.php\/sport-connect-nantes\/\">\n\t\t\t\t\t\t\t<img decoding=\"async\" width=\"72\" height=\"16\" src=\"https:\/\/liseteilhat.fr\/wp-content\/uploads\/2024\/01\/Fleche.png\" class=\"attachment-thumbnail size-thumbnail wp-image-3507\" alt=\"\" \/>\t\t\t\t\t\t\t\t<\/a>\n\t\t\t\t\t\t\t\t\t\t\t\t\t\t\t<\/div>\n\t\t\t\t<\/div>\n\t\t\t\t<div class=\"elementor-element elementor-element-6e171cf e-transform e-transform elementor-widget elementor-widget-image\" data-id=\"6e171cf\" data-element_type=\"widget\" data-e-type=\"widget\" data-settings=\"{&quot;_transform_rotateZ_effect&quot;:{&quot;unit&quot;:&quot;px&quot;,&quot;size&quot;:180,&quot;sizes&quot;:[]},&quot;_transform_translateX_effect&quot;:{&quot;unit&quot;:&quot;px&quot;,&quot;size&quot;:-10,&quot;sizes&quot;:[]},&quot;_transform_rotateZ_effect_laptop&quot;:{&quot;unit&quot;:&quot;deg&quot;,&quot;size&quot;:&quot;&quot;,&quot;sizes&quot;:[]},&quot;_transform_rotateZ_effect_tablet&quot;:{&quot;unit&quot;:&quot;deg&quot;,&quot;size&quot;:&quot;&quot;,&quot;sizes&quot;:[]},&quot;_transform_rotateZ_effect_mobile&quot;:{&quot;unit&quot;:&quot;deg&quot;,&quot;size&quot;:&quot;&quot;,&quot;sizes&quot;:[]},&quot;_transform_translateX_effect_laptop&quot;:{&quot;unit&quot;:&quot;px&quot;,&quot;size&quot;:&quot;&quot;,&quot;sizes&quot;:[]},&quot;_transform_translateX_effect_tablet&quot;:{&quot;unit&quot;:&quot;px&quot;,&quot;size&quot;:&quot;&quot;,&quot;sizes&quot;:[]},&quot;_transform_translateX_effect_mobile&quot;:{&quot;unit&quot;:&quot;px&quot;,&quot;size&quot;:&quot;&quot;,&quot;sizes&quot;:[]},&quot;_transform_translateY_effect&quot;:{&quot;unit&quot;:&quot;px&quot;,&quot;size&quot;:&quot;&quot;,&quot;sizes&quot;:[]},&quot;_transform_translateY_effect_laptop&quot;:{&quot;unit&quot;:&quot;px&quot;,&quot;size&quot;:&quot;&quot;,&quot;sizes&quot;:[]},&quot;_transform_translateY_effect_tablet&quot;:{&quot;unit&quot;:&quot;px&quot;,&quot;size&quot;:&quot;&quot;,&quot;sizes&quot;:[]},&quot;_transform_translateY_effect_mobile&quot;:{&quot;unit&quot;:&quot;px&quot;,&quot;size&quot;:&quot;&quot;,&quot;sizes&quot;:[]}}\" data-widget_type=\"image.default\">\n\t\t\t\t<div class=\"elementor-widget-container\">\n\t\t\t\t\t\t\t\t\t\t\t\t\t\t\t\t<a href=\"https:\/\/liseteilhat.fr\/index.php\/parc\/\">\n\t\t\t\t\t\t\t<img decoding=\"async\" width=\"72\" height=\"16\" src=\"https:\/\/liseteilhat.fr\/wp-content\/uploads\/2024\/01\/Fleche.png\" class=\"attachment-thumbnail size-thumbnail wp-image-3507\" alt=\"\" \/>\t\t\t\t\t\t\t\t<\/a>\n\t\t\t\t\t\t\t\t\t\t\t\t\t\t\t<\/div>\n\t\t\t\t<\/div>\n\t\t\t\t<\/div>\n\t\t<div class=\"elementor-element elementor-element-b519606 e-flex e-con-boxed e-con e-child\" data-id=\"b519606\" data-element_type=\"container\" data-e-type=\"container\">\n\t\t\t\t\t<div class=\"e-con-inner\">\n\t\t\t\t<div class=\"elementor-element elementor-element-e7348fe e-transform e-transform elementor-headline--style-highlight elementor-widget elementor-widget-animated-headline\" data-id=\"e7348fe\" data-element_type=\"widget\" data-e-type=\"widget\" data-settings=\"{&quot;highlighted_text&quot;:&quot;Retour&quot;,&quot;_transform_rotateZ_effect_hover&quot;:{&quot;unit&quot;:&quot;px&quot;,&quot;size&quot;:2,&quot;sizes&quot;:[]},&quot;_transform_scale_effect_hover&quot;:{&quot;unit&quot;:&quot;px&quot;,&quot;size&quot;:1.2,&quot;sizes&quot;:[]},&quot;headline_style&quot;:&quot;highlight&quot;,&quot;marker&quot;:&quot;circle&quot;,&quot;loop&quot;:&quot;yes&quot;,&quot;highlight_animation_duration&quot;:1200,&quot;highlight_iteration_delay&quot;:8000,&quot;_transform_rotateZ_effect_hover_laptop&quot;:{&quot;unit&quot;:&quot;deg&quot;,&quot;size&quot;:&quot;&quot;,&quot;sizes&quot;:[]},&quot;_transform_rotateZ_effect_hover_tablet&quot;:{&quot;unit&quot;:&quot;deg&quot;,&quot;size&quot;:&quot;&quot;,&quot;sizes&quot;:[]},&quot;_transform_rotateZ_effect_hover_mobile&quot;:{&quot;unit&quot;:&quot;deg&quot;,&quot;size&quot;:&quot;&quot;,&quot;sizes&quot;:[]},&quot;_transform_scale_effect_hover_laptop&quot;:{&quot;unit&quot;:&quot;px&quot;,&quot;size&quot;:&quot;&quot;,&quot;sizes&quot;:[]},&quot;_transform_scale_effect_hover_tablet&quot;:{&quot;unit&quot;:&quot;px&quot;,&quot;size&quot;:&quot;&quot;,&quot;sizes&quot;:[]},&quot;_transform_scale_effect_hover_mobile&quot;:{&quot;unit&quot;:&quot;px&quot;,&quot;size&quot;:&quot;&quot;,&quot;sizes&quot;:[]}}\" data-widget_type=\"animated-headline.default\">\n\t\t\t\t<div class=\"elementor-widget-container\">\n\t\t\t\t\t\t\t\t<a href=\"https:\/\/liseteilhat.fr\">\n\n\t\t\t\t\t<h3 class=\"elementor-headline\">\n\t\t\t\t<span class=\"elementor-headline-dynamic-wrapper elementor-headline-text-wrapper\">\n\t\t\t\t\t<span class=\"elementor-headline-dynamic-text elementor-headline-text-active\">Retour<\/span>\n\t\t\t\t<\/span>\n\t\t\t\t<\/h3>\n\t\t<\/a>\t\t\t\t<\/div>\n\t\t\t\t<\/div>\n\t\t\t\t\t<\/div>\n\t\t\t\t<\/div>\n\t\t\t\t\t<\/div>\n\t\t\t\t<\/div>\n\t\t\t\t<\/div>\n\t\t\t\t<\/div>\n\t\t","protected":false},"excerpt":{"rendered":"<p>Nantes Basket Hermine \u00c9voluant en pro B, le NBH entreprend de (re)d\u00e9finir sa ligne graphique pour assoir son identit\u00e9 sur les r\u00e9seaux sociaux. #socialmedias #print #sport #basket Retour<\/p>\n","protected":false},"author":1,"featured_media":0,"parent":0,"menu_order":0,"comment_status":"closed","ping_status":"closed","template":"elementor_header_footer","meta":{"footnotes":""},"folder":[],"class_list":["post-3469","page","type-page","status-publish","hentry"],"yoast_head":"<!-- This site is optimized with the Yoast SEO plugin v27.3 - https:\/\/yoast.com\/product\/yoast-seo-wordpress\/ -->\n<title>NBH Lise Teilhat | Graphiste freelance sport<\/title>\n<meta name=\"robots\" content=\"index, follow, max-snippet:-1, max-image-preview:large, max-video-preview:-1\" \/>\n<link rel=\"canonical\" href=\"https:\/\/liseteilhat.fr\/index.php\/nbh\/\" \/>\n<meta property=\"og:locale\" content=\"fr_FR\" \/>\n<meta property=\"og:type\" content=\"article\" \/>\n<meta property=\"og:title\" content=\"NBH Lise Teilhat | Graphiste freelance sport\" \/>\n<meta property=\"og:description\" content=\"Nantes Basket Hermine \u00c9voluant en pro B, le NBH entreprend de (re)d\u00e9finir sa ligne graphique pour assoir son identit\u00e9 sur les r\u00e9seaux sociaux. #socialmedias #print #sport #basket Retour\" \/>\n<meta property=\"og:url\" content=\"https:\/\/liseteilhat.fr\/index.php\/nbh\/\" \/>\n<meta property=\"og:site_name\" content=\"Lise Teilhat | Graphiste freelance sport\" \/>\n<meta property=\"article:modified_time\" content=\"2025-04-09T10:14:43+00:00\" \/>\n<meta property=\"og:image\" content=\"https:\/\/liseteilhat.fr\/wp-content\/uploads\/2024\/01\/Fleche.png\" \/>\n\t<meta property=\"og:image:width\" content=\"72\" \/>\n\t<meta property=\"og:image:height\" content=\"16\" \/>\n\t<meta property=\"og:image:type\" content=\"image\/png\" \/>\n<meta name=\"twitter:card\" content=\"summary_large_image\" \/>\n<script type=\"application\/ld+json\" class=\"yoast-schema-graph\">{\"@context\":\"https:\\\/\\\/schema.org\",\"@graph\":[{\"@type\":\"WebPage\",\"@id\":\"https:\\\/\\\/liseteilhat.fr\\\/index.php\\\/nbh\\\/\",\"url\":\"https:\\\/\\\/liseteilhat.fr\\\/index.php\\\/nbh\\\/\",\"name\":\"NBH Lise Teilhat | Graphiste freelance sport\",\"isPartOf\":{\"@id\":\"https:\\\/\\\/liseteilhat.fr\\\/#website\"},\"primaryImageOfPage\":{\"@id\":\"https:\\\/\\\/liseteilhat.fr\\\/index.php\\\/nbh\\\/#primaryimage\"},\"image\":{\"@id\":\"https:\\\/\\\/liseteilhat.fr\\\/index.php\\\/nbh\\\/#primaryimage\"},\"thumbnailUrl\":\"https:\\\/\\\/liseteilhat.fr\\\/wp-content\\\/uploads\\\/2024\\\/01\\\/Fleche.png\",\"datePublished\":\"2024-01-29T15:18:41+00:00\",\"dateModified\":\"2025-04-09T10:14:43+00:00\",\"breadcrumb\":{\"@id\":\"https:\\\/\\\/liseteilhat.fr\\\/index.php\\\/nbh\\\/#breadcrumb\"},\"inLanguage\":\"fr-FR\",\"potentialAction\":[{\"@type\":\"ReadAction\",\"target\":[\"https:\\\/\\\/liseteilhat.fr\\\/index.php\\\/nbh\\\/\"]}]},{\"@type\":\"ImageObject\",\"inLanguage\":\"fr-FR\",\"@id\":\"https:\\\/\\\/liseteilhat.fr\\\/index.php\\\/nbh\\\/#primaryimage\",\"url\":\"https:\\\/\\\/liseteilhat.fr\\\/wp-content\\\/uploads\\\/2024\\\/01\\\/Fleche.png\",\"contentUrl\":\"https:\\\/\\\/liseteilhat.fr\\\/wp-content\\\/uploads\\\/2024\\\/01\\\/Fleche.png\",\"width\":72,\"height\":16},{\"@type\":\"BreadcrumbList\",\"@id\":\"https:\\\/\\\/liseteilhat.fr\\\/index.php\\\/nbh\\\/#breadcrumb\",\"itemListElement\":[{\"@type\":\"ListItem\",\"position\":1,\"name\":\"Accueil\",\"item\":\"https:\\\/\\\/liseteilhat.fr\\\/\"},{\"@type\":\"ListItem\",\"position\":2,\"name\":\"NBH\"}]},{\"@type\":\"WebSite\",\"@id\":\"https:\\\/\\\/liseteilhat.fr\\\/#website\",\"url\":\"https:\\\/\\\/liseteilhat.fr\\\/\",\"name\":\"Lise Teilhat | Graphiste freelance\",\"description\":\"Graphiste freelance sport et souffleuse de bonnes id\u00e9es\",\"publisher\":{\"@id\":\"https:\\\/\\\/liseteilhat.fr\\\/#organization\"},\"potentialAction\":[{\"@type\":\"SearchAction\",\"target\":{\"@type\":\"EntryPoint\",\"urlTemplate\":\"https:\\\/\\\/liseteilhat.fr\\\/?s={search_term_string}\"},\"query-input\":{\"@type\":\"PropertyValueSpecification\",\"valueRequired\":true,\"valueName\":\"search_term_string\"}}],\"inLanguage\":\"fr-FR\"},{\"@type\":\"Organization\",\"@id\":\"https:\\\/\\\/liseteilhat.fr\\\/#organization\",\"name\":\"Lise Teilhat | Designer graphic\",\"url\":\"https:\\\/\\\/liseteilhat.fr\\\/\",\"logo\":{\"@type\":\"ImageObject\",\"inLanguage\":\"fr-FR\",\"@id\":\"https:\\\/\\\/liseteilhat.fr\\\/#\\\/schema\\\/logo\\\/image\\\/\",\"url\":\"https:\\\/\\\/liseteilhat.fr\\\/wp-content\\\/uploads\\\/2022\\\/04\\\/LISE_TEILHAT_Logo.png\",\"contentUrl\":\"https:\\\/\\\/liseteilhat.fr\\\/wp-content\\\/uploads\\\/2022\\\/04\\\/LISE_TEILHAT_Logo.png\",\"width\":1476,\"height\":937,\"caption\":\"Lise Teilhat | Designer graphic\"},\"image\":{\"@id\":\"https:\\\/\\\/liseteilhat.fr\\\/#\\\/schema\\\/logo\\\/image\\\/\"},\"sameAs\":[\"https:\\\/\\\/www.instagram.com\\\/lise_teilhat_graphiste\\\/\",\"https:\\\/\\\/www.linkedin.com\\\/in\\\/lise-teilhat-5b7b18109\\\/\"]}]}<\/script>\n<!-- \/ Yoast SEO plugin. -->","yoast_head_json":{"title":"NBH Lise Teilhat | Graphiste freelance sport","robots":{"index":"index","follow":"follow","max-snippet":"max-snippet:-1","max-image-preview":"max-image-preview:large","max-video-preview":"max-video-preview:-1"},"canonical":"https:\/\/liseteilhat.fr\/index.php\/nbh\/","og_locale":"fr_FR","og_type":"article","og_title":"NBH Lise Teilhat | Graphiste freelance sport","og_description":"Nantes Basket Hermine \u00c9voluant en pro B, le NBH entreprend de (re)d\u00e9finir sa ligne graphique pour assoir son identit\u00e9 sur les r\u00e9seaux sociaux. #socialmedias #print #sport #basket Retour","og_url":"https:\/\/liseteilhat.fr\/index.php\/nbh\/","og_site_name":"Lise Teilhat | Graphiste freelance sport","article_modified_time":"2025-04-09T10:14:43+00:00","og_image":[{"width":72,"height":16,"url":"https:\/\/liseteilhat.fr\/wp-content\/uploads\/2024\/01\/Fleche.png","type":"image\/png"}],"twitter_card":"summary_large_image","schema":{"@context":"https:\/\/schema.org","@graph":[{"@type":"WebPage","@id":"https:\/\/liseteilhat.fr\/index.php\/nbh\/","url":"https:\/\/liseteilhat.fr\/index.php\/nbh\/","name":"NBH Lise Teilhat | Graphiste freelance sport","isPartOf":{"@id":"https:\/\/liseteilhat.fr\/#website"},"primaryImageOfPage":{"@id":"https:\/\/liseteilhat.fr\/index.php\/nbh\/#primaryimage"},"image":{"@id":"https:\/\/liseteilhat.fr\/index.php\/nbh\/#primaryimage"},"thumbnailUrl":"https:\/\/liseteilhat.fr\/wp-content\/uploads\/2024\/01\/Fleche.png","datePublished":"2024-01-29T15:18:41+00:00","dateModified":"2025-04-09T10:14:43+00:00","breadcrumb":{"@id":"https:\/\/liseteilhat.fr\/index.php\/nbh\/#breadcrumb"},"inLanguage":"fr-FR","potentialAction":[{"@type":"ReadAction","target":["https:\/\/liseteilhat.fr\/index.php\/nbh\/"]}]},{"@type":"ImageObject","inLanguage":"fr-FR","@id":"https:\/\/liseteilhat.fr\/index.php\/nbh\/#primaryimage","url":"https:\/\/liseteilhat.fr\/wp-content\/uploads\/2024\/01\/Fleche.png","contentUrl":"https:\/\/liseteilhat.fr\/wp-content\/uploads\/2024\/01\/Fleche.png","width":72,"height":16},{"@type":"BreadcrumbList","@id":"https:\/\/liseteilhat.fr\/index.php\/nbh\/#breadcrumb","itemListElement":[{"@type":"ListItem","position":1,"name":"Accueil","item":"https:\/\/liseteilhat.fr\/"},{"@type":"ListItem","position":2,"name":"NBH"}]},{"@type":"WebSite","@id":"https:\/\/liseteilhat.fr\/#website","url":"https:\/\/liseteilhat.fr\/","name":"Lise Teilhat | Graphiste freelance","description":"Graphiste freelance sport et souffleuse de bonnes id\u00e9es","publisher":{"@id":"https:\/\/liseteilhat.fr\/#organization"},"potentialAction":[{"@type":"SearchAction","target":{"@type":"EntryPoint","urlTemplate":"https:\/\/liseteilhat.fr\/?s={search_term_string}"},"query-input":{"@type":"PropertyValueSpecification","valueRequired":true,"valueName":"search_term_string"}}],"inLanguage":"fr-FR"},{"@type":"Organization","@id":"https:\/\/liseteilhat.fr\/#organization","name":"Lise Teilhat | Designer graphic","url":"https:\/\/liseteilhat.fr\/","logo":{"@type":"ImageObject","inLanguage":"fr-FR","@id":"https:\/\/liseteilhat.fr\/#\/schema\/logo\/image\/","url":"https:\/\/liseteilhat.fr\/wp-content\/uploads\/2022\/04\/LISE_TEILHAT_Logo.png","contentUrl":"https:\/\/liseteilhat.fr\/wp-content\/uploads\/2022\/04\/LISE_TEILHAT_Logo.png","width":1476,"height":937,"caption":"Lise Teilhat | Designer graphic"},"image":{"@id":"https:\/\/liseteilhat.fr\/#\/schema\/logo\/image\/"},"sameAs":["https:\/\/www.instagram.com\/lise_teilhat_graphiste\/","https:\/\/www.linkedin.com\/in\/lise-teilhat-5b7b18109\/"]}]}},"_links":{"self":[{"href":"https:\/\/liseteilhat.fr\/index.php\/wp-json\/wp\/v2\/pages\/3469","targetHints":{"allow":["GET"]}}],"collection":[{"href":"https:\/\/liseteilhat.fr\/index.php\/wp-json\/wp\/v2\/pages"}],"about":[{"href":"https:\/\/liseteilhat.fr\/index.php\/wp-json\/wp\/v2\/types\/page"}],"author":[{"embeddable":true,"href":"https:\/\/liseteilhat.fr\/index.php\/wp-json\/wp\/v2\/users\/1"}],"replies":[{"embeddable":true,"href":"https:\/\/liseteilhat.fr\/index.php\/wp-json\/wp\/v2\/comments?post=3469"}],"version-history":[{"count":91,"href":"https:\/\/liseteilhat.fr\/index.php\/wp-json\/wp\/v2\/pages\/3469\/revisions"}],"predecessor-version":[{"id":4723,"href":"https:\/\/liseteilhat.fr\/index.php\/wp-json\/wp\/v2\/pages\/3469\/revisions\/4723"}],"wp:attachment":[{"href":"https:\/\/liseteilhat.fr\/index.php\/wp-json\/wp\/v2\/media?parent=3469"}],"wp:term":[{"taxonomy":"folder","embeddable":true,"href":"https:\/\/liseteilhat.fr\/index.php\/wp-json\/wp\/v2\/folder?post=3469"}],"curies":[{"name":"wp","href":"https:\/\/api.w.org\/{rel}","templated":true}]}}